{"id":3305,"date":"2023-07-03T10:51:38","date_gmt":"2023-07-03T08:51:38","guid":{"rendered":"https:\/\/pks.szczecin.pl\/polityka-prywatnosci\/"},"modified":"2024-03-25T17:43:59","modified_gmt":"2024-03-25T16:43:59","slug":"datenschutzrichtlinie","status":"publish","type":"page","link":"https:\/\/pks.szczecin.pl\/de\/datenschutzrichtlinie\/","title":{"rendered":"Datenschutzrichtlinie"},"content":{"rendered":"\n<p>Aufgrund des Inkrafttretens der Verordnung (EU) 2016\/679 des Europ\u00e4ischen Parlaments und des Rates vom 27. April 2016 zum Schutz nat\u00fcrlicher Personen bei der Verarbeitung personenbezogener Daten und zur freien Verarbeitung am 25. Mai 2018 Bewegung solcher Daten und Aufhebung der Richtlinie 95\/46\/EG (DSGVO).\u00a0Wir m\u00f6chten Sie gem\u00e4\u00df der nachstehenden Datenschutzerkl\u00e4rung dar\u00fcber informieren, wie Ihre personenbezogenen Daten im Unternehmen nach dem 25. Mai 2018 verarbeitet werden:<\/p>\n\n\n\n<h3 class=\"wp-block-heading\">DEFINITIONEN<\/h3>\n\n\n\n<p>Administrator\u00a0\u2013 bezeichnet eine nat\u00fcrliche oder juristische Person, Beh\u00f6rde, Einrichtung oder andere Stelle, die allein oder gemeinsam mit anderen \u00fcber die Zwecke und Mittel der Verarbeitung personenbezogener Daten entscheidet;\u00a0Wenn die Zwecke und Mittel dieser Verarbeitung durch das Recht der Union oder der Mitgliedstaaten festgelegt sind, k\u00f6nnen der Verantwortliche oder die spezifischen Kriterien f\u00fcr seine Benennung durch das Recht der Union oder der Mitgliedstaaten vorgesehen werden;<br><br>Personenbezogene Daten\u00a0\u2013 sind Informationen \u00fcber eine identifizierte oder identifizierbare nat\u00fcrliche Person (\u201ebetroffene Person\u201c);\u00a0Eine identifizierbare nat\u00fcrliche Person ist eine nat\u00fcrliche Person, die direkt oder indirekt, insbesondere mittels Zuordnung zu einer Kennung wie einem Namen, zu einer Kennnummer, zu Standortdaten, zu einer Online-Kennung oder zu einem oder mehreren spezifischen Merkmalen der physischen, physiologischen, genetische, mentale, wirtschaftliche, kulturelle oder soziale Identit\u00e4t des Individuums;<br><br>Empf\u00e4nger\u00a0ist eine nat\u00fcrliche oder juristische Person, Beh\u00f6rde, Einrichtung oder andere Stelle, der personenbezogene Daten offengelegt werden, unabh\u00e4ngig davon, ob es sich bei ihr um einen Dritten handelt.\u00a0Beh\u00f6rden, die im Rahmen eines bestimmten Verfahrens nach dem Unionsrecht oder dem Recht der Mitgliedstaaten m\u00f6glicherweise personenbezogene Daten erhalten, gelten jedoch nicht als Empf\u00e4nger;\u00a0Die Verarbeitung dieser Daten durch diese Beh\u00f6rden muss den Datenschutzbestimmungen entsprechen, die f\u00fcr die Zwecke der Verarbeitung gelten.<br><br>PKS Szczecin\u00a0\u2013 Przedsi\u0119biorstwo Komunikacji Samochodowej w Szczecinie Sp\u00f3\u0142ka z o. o.;<br><br>Auftragsverarbeiter \u2013 bezeichnet eine nat\u00fcrliche oder juristische Person, Beh\u00f6rde, Einrichtung oder andere Stelle, die personenbezogene Daten im Auftrag des Verantwortlichen verarbeitet;<br>Auftragsverarbeiter\u00a0\u2013 Stellen, an die wir einige Ihrer personenbezogenen Daten im Zusammenhang mit der Durchf\u00fchrung bestimmter Aktivit\u00e4ten oder Dienstleistungen in unserem Namen \u00fcbermitteln k\u00f6nnen.\u00a0Diese Unternehmen k\u00f6nnen mit Ihren personenbezogenen Daten nichts anfangen, es sei denn, wir weisen sie dazu an und nur in dem von uns angegebenen Umfang.\u00a0Sie werden Ihre personenbezogenen Daten sicher und nur f\u00fcr den von uns angegebenen oder durch geltendes Recht vorgeschriebenen Zeitraum speichern;<br><br>Unter Profiling\u00a0versteht man jede Art der automatisierten Verarbeitung personenbezogener Daten, die darin besteht, dass personenbezogene Daten verwendet werden, um bestimmte pers\u00f6nliche Faktoren einer nat\u00fcrlichen Person zu bewerten, insbesondere um Aspekte bez\u00fcglich der Leistungsf\u00e4higkeit, der wirtschaftlichen Lage oder der Gesundheit dieser nat\u00fcrlichen Person zu analysieren oder vorherzusagen , pers\u00f6nliche Vorlieben, Interessen, Zuverl\u00e4ssigkeit, Verhalten, Standort oder Bewegung;<br><br>Verarbeitung\u00a0\u2013 bezeichnet einen mit oder ohne Hilfe automatisierter Verfahren ausgef\u00fchrten Vorgang oder eine Reihe von Vorg\u00e4ngen im Zusammenhang mit personenbezogenen Daten oder S\u00e4tzen personenbezogener Daten, wie z. B. das Erheben, Aufzeichnen, Organisieren, Strukturieren, Speichern, Anpassen oder Modifizieren, Herunterladen, Anzeigen, Verwenden oder Offenlegen Versenden, Verbreiten oder sonstiges Teilen, Abgleichen oder Kombinieren, Einschr\u00e4nken, L\u00f6schen oder Vernichten;<br><br>DSGVO\u00a0\u2013 Verordnung (EU) 2016\/679 des Europ\u00e4ischen Parlaments und des Rates vom 27. April 2016 zum Schutz nat\u00fcrlicher Personen bei der Verarbeitung personenbezogener Daten, zum freien Datenverkehr und zur Aufhebung der Richtlinie 95\/46 \/EC (Datenschutz-Grundverordnung);<br><br>Website\u00a0\u2013 von PKS Szczecin betriebene Website: https:\/\/pks.szczecin.pl\u00a0;<br>Dritter\u00a0\u2013 bezeichnet eine nat\u00fcrliche oder juristische Person, Beh\u00f6rde, Einrichtung oder Einrichtung mit Ausnahme der betroffenen Person, des Verantwortlichen, des Auftragsverarbeiters oder der Personen, die mit Genehmigung des Verantwortlichen oder Auftragsverarbeiters personenbezogene Daten verarbeiten d\u00fcrfen;<br><br>Sie, Ihr, Ihr\u00a0\u2013 jede nat\u00fcrliche Person, deren Daten von PKS Szczecin in \u00dcbereinstimmung mit dem Gesetz verarbeitet werden;<br><br>Ger\u00e4t\u00a0\u2013 bezeichnet ein elektronisches Ger\u00e4t, \u00fcber das der Benutzer Zugriff auf die Website erh\u00e4lt;<br><br>Benutzer\u00a0\u2013 bezeichnet eine nat\u00fcrliche oder juristische Person, f\u00fcr die gem\u00e4\u00df den Bestimmungen und gesetzlichen Bestimmungen Dienste auf elektronischem Wege bereitgestellt werden k\u00f6nnen oder mit der ein Vertrag \u00fcber die Bereitstellung elektronischer Dienste geschlossen werden kann;<br><br>Einwilligung\u00a0\u2013 betroffene Person ist jede freiwillige, spezifische, informierte und unmissverst\u00e4ndliche Willensbekundung der betroffenen Person, mit der die betroffene Person mittels einer Erkl\u00e4rung oder einer eindeutigen best\u00e4tigenden Handlung in die Verarbeitung der sie betreffenden personenbezogenen Daten einwilligt;<\/p>\n\n\n\n<h3 class=\"wp-block-heading\">Wer ist der Verwalter Ihrer personenbezogenen Daten und wie k\u00f6nnen Sie mit uns Kontakt aufnehmen?<\/h3>\n\n\n\n<p>Der Verantwortliche f\u00fcr personenbezogene Daten im Sinne der DSGVO, die \u00fcber die Website erhoben und verarbeitet und in der Korrespondenz mit Ihnen bereitgestellt werden, einschlie\u00dflich der Korrespondenz \u00fcber Ihre E-Mail-Adresse bei Telefongespr\u00e4chen, ist PKS Szczecin.&nbsp;Das hei\u00dft, wir entscheiden, wie und zu welchen Zwecken Ihre personenbezogenen Daten, die Sie uns zur Verf\u00fcgung gestellt haben, verarbeitet werden.<br>Der Inspektor f\u00fcr den Schutz personenbezogener Daten ist Herr Bart\u0142omiej \u0141azowski, der per Post unter der folgenden Adresse kontaktiert werden kann: PKS Szczecin Sp z oo ul.&nbsp;Leona Heyki 4, 71-063 Szczecin und an die E-Mail-Adresse: rodo@pks.szczecin.pl \u2013 in allen Angelegenheiten im Zusammenhang mit der Verarbeitung personenbezogener Daten und der Aus\u00fcbung der mit ihrer Verarbeitung verbundenen Rechte.<\/p>\n\n\n\n<h3 class=\"wp-block-heading\">WAS SIND DIE ZWECKE UND RECHTSGRUNDLAGE DER VERARBEITUNG IHRER PERSONENBEZOGENEN DATEN UND F\u00dcR WELCHEN ZEITRAUM WERDEN SIE VERARBEITET?<\/h3>\n\n\n\n<h5 class=\"wp-block-heading\">Die Rechtsgrundlage f\u00fcr die zweckgebundene Verarbeitung Ihrer Daten ist folgende:<\/h5>\n\n\n\n<p>PKS Szczecin weist darauf hin, dass die Rechtsgrundlage f\u00fcr die Verarbeitung personenbezogener Daten die folgenden Bestimmungen der DSGVO sein k\u00f6nnen:<\/p>\n\n\n\n<ol class=\"wp-block-list\">\n<li>a. Kunst.\u00a06 Abschnitt\u00a01 Buchstabe\u00a0a) \u2013 Einwilligung, d. h. Ihre freiwillig ge\u00e4u\u00dferte Einwilligung zur Datenverarbeitung (im Falle der Abgabe einer solchen Willenserkl\u00e4rung);<\/li>\n\n\n\n<li>b. Kunst.\u00a06 Abschnitt\u00a01 Buchstabe\u00a0b) &#8211; wenn die von Ihnen bereitgestellten personenbezogenen Daten f\u00fcr den Abschluss oder die Erf\u00fcllung eines Vertrags, dessen Vertragspartei Sie sind, erforderlich sind;<\/li>\n\n\n\n<li>c. Kunst.\u00a06 Abschnitt\u00a01 Buchstabe\u00a0c) &#8211; wenn es sich aus gesetzlichen Anforderungen ergibt, d. h. es ist f\u00fcr PKS Szczecin erforderlich, rechtliche Verpflichtungen zu erf\u00fcllen, die sich aus gesetzlichen Bestimmungen ergeben, z. B. im Zusammenhang mit der Bearbeitung von Beschwerden gem\u00e4\u00df Kapitel 6 des Gesetzes \u201eTransportrecht\u201c;<\/li>\n\n\n\n<li>d. \u00a0Kunst.\u00a06 Abschnitt\u00a01 Buchstabe\u00a0d) \u2013 wenn die Verarbeitung der von Ihnen bereitgestellten personenbezogenen Daten zum Schutz Ihrer lebenswichtigen Interessen erforderlich ist;<\/li>\n\n\n\n<li>e. \u00a0Kunst.\u00a06 Abschnitt\u00a01 Buchstabe\u00a0e) \u2013 wenn die Verarbeitung zur Erf\u00fcllung einer im \u00f6ffentlichen Interesse liegenden Aufgabe erforderlich ist;<\/li>\n\n\n\n<li>f. \u00a0Kunst.\u00a06 Abschnitt\u00a01 Buchstabe\u00a0f) DSGVO \u2013 wenn die Verarbeitung zur Verfolgung der berechtigten Interessen von PKS Szczecin erforderlich ist;<\/li>\n\n\n\n<li>g. \u00a0Kunst.\u00a09 Abschnitt\u00a02 Buchstaben\u00a0f) DSGVO \u2013 wenn die Verarbeitung von Daten besonderer Kategorien zur Geltendmachung, Verfolgung oder Verteidigung von Anspr\u00fcchen erforderlich ist;<\/li>\n<\/ol>\n\n\n\n<p>Im Hinblick auf die von PKS Szczecin durchgef\u00fchrten Verarbeitungst\u00e4tigkeiten ermitteln wir die entsprechende Rechtsgrundlage gem\u00e4\u00df den vorstehenden Ausf\u00fchrungen.\u00a0Die Verarbeitung kann auch auf mehreren Rechtsgrundlagen beruhen.<\/p>\n\n\n\n<p>Aufgrund der oben genannten Gr\u00fcnde f\u00fcr die Verarbeitung personenbezogener Daten kann PKS Szczecin die von Ihnen erhaltenen personenbezogenen Daten f\u00fcr folgende Zwecke verarbeiten:<\/p>\n\n\n\n<ol class=\"wp-block-list\">\n<li>a. f\u00fcr die in der Einwilligung genannten Zwecke (im Falle der Abgabe einer solchen Willenserkl\u00e4rung) \u2013 auf Grundlage dieser Einwilligung \u2013 k\u00f6nnen Sie in einem solchen Fall Ihre Einwilligung jederzeit widerrufen, ohne dass dadurch die Rechtm\u00e4\u00dfigkeit der durchgef\u00fchrten Verarbeitung ber\u00fchrt wird auf Grundlage der Einwilligung;\u00a0Der Widerruf oder die Verweigerung der Einwilligung hat zur Folge, dass PKS Szczecin Ihre Daten nicht f\u00fcr die in der Einwilligung angegebenen Zwecke verarbeitet.<\/li>\n\n\n\n<li>b. \u00a0um Ihnen entsprechend den in Ihrer Korrespondenz angegebenen Anfragen zu antworten;<\/li>\n\n\n\n<li>c. \u00a0zur Bearbeitung von Anfragen und Beschwerden, zur Umsetzung Ihrer Weisungen und zum Abschluss begleitender Vertr\u00e4ge und Vereinbarungen;<\/li>\n\n\n\n<li>d. damit PKS Szczecin die gesetzlichen Bestimmungen einh\u00e4lt;<\/li>\n\n\n\n<li>e. zur Geltendmachung von Anspr\u00fcchen und zur Abwehr von Anspr\u00fcchen aus dem zwischen uns bestehenden Rechtsverh\u00e4ltnis durch \u00dcbermittlung Ihrer Daten, z.B. an eine Wirtschaftsauskunftei;<\/li>\n\n\n\n<li>f. f\u00fcr andere legitime Zwecke;<\/li>\n\n\n\n<li>g. zur Geltendmachung, Geltendmachung oder Abwehr von Anspr\u00fcchen.<\/li>\n<\/ol>\n\n\n\n<h5 class=\"wp-block-heading\">ZWECKE DER DATENVERARBEITUNG<\/h5>\n\n\n\n<ol class=\"wp-block-list\">\n<li>Zusendung eines Lebenslaufs im Zusammenhang mit auf der Website https:\/\/pks.szczecin.pl ver\u00f6ffentlichten Stellenangeboten\n<ol class=\"wp-block-list\">\n<li>Rechtsgrundlagen:\n<ol class=\"wp-block-list\">\n<li> Art. 6 Abschnitt\u00a01 Buchstabe\u00a0a) DSGVO \u2013 freiwillige Einwilligung<\/li>\n<\/ol>\n<\/li>\n\n\n\n<li> Bearbeitungszeitraum:\n<ol class=\"wp-block-list\">\n<li> bis zum Widerruf der Einwilligung und gem\u00e4\u00df den unter https:\/\/pks.szczecin.pl\/kariera\/informacja-o-przetwarzaniu-dani-osobch verf\u00fcgbaren Informationen<\/li>\n<\/ol>\n<\/li>\n<\/ol>\n<\/li>\n\n\n\n<li>Statistische Messungen (im Folgenden \u201eStatistiken\u201c), Vermarktung der Produkte und Dienstleistungen des Administrators (im Folgenden auch \u201eEigenmarketing\u201c).\n<ol class=\"wp-block-list\">\n<li> Rechtsgrundlagen:\n<ol class=\"wp-block-list\">\n<li>Art. 6 ust. 1 lit. f) RODO \u2013 uzasadniony interes administratora<\/li>\n<\/ol>\n<\/li>\n\n\n\n<li>Bearbeitungszeitraum:\n<ol class=\"wp-block-list\">\n<li>bis zum Eingang eines wirksamen Widerspruchs<\/li>\n<\/ol>\n<\/li>\n<\/ol>\n<\/li>\n\n\n\n<li>Elektronische \u00dcbermittlung von Informationen durch Senden einer E-Mail an die folgende Adresse: turyka@pks.szczecin.pl oder durch Ausf\u00fcllen des elektronischen Kontaktformulars auf der Website https:\/\/pks.szczecin.pl\/wynajem-autokarow-i-busow\/\n<ol class=\"wp-block-list\">\n<li>Rechtsgrundlagen:\n<ol class=\"wp-block-list\">\n<li>Art. 6 Abschnitt\u00a01 Buchstabe\u00a0a) DSGVO \u2013 freiwillige Einwilligung<\/li>\n<\/ol>\n<\/li>\n\n\n\n<li>Bearbeitungszeitraum:\n<ol class=\"wp-block-list\">\n<li>bis zum Widerruf der Einwilligung<\/li>\n<\/ol>\n<\/li>\n<\/ol>\n<\/li>\n\n\n\n<li>\u00dcbermittlung von Informationen auf elektronischem Weg durch Senden einer E-Mail an die folgende Adresse: vip@pks.szczecin.pl oder durch Ausf\u00fcllen des elektronischen Kontaktformulars auf der Website https:\/\/pks.szczecin.pl\/transfery-individual-vip\/;\n<ol class=\"wp-block-list\">\n<li>Rechtsgrundlagen:\n<ol class=\"wp-block-list\">\n<li>Art. 6 Abschnitt\u00a01 Buchstabe\u00a0a) DSGVO \u2013 freiwillige Einwilligung<\/li>\n<\/ol>\n<\/li>\n\n\n\n<li>Bearbeitungszeitraum:\n<ol class=\"wp-block-list\">\n<li>bis zum Widerruf der Einwilligung<\/li>\n<\/ol>\n<\/li>\n<\/ol>\n<\/li>\n\n\n\n<li>Elektronische \u00dcbermittlung von Informationen zum Kauf\/Miete\/Miete von PKS Szczecin-Immobilien\n<ol class=\"wp-block-list\">\n<li>Rechtsgrundlagen:\n<ol class=\"wp-block-list\">\n<li>Art. 6 Abschnitt\u00a01 Buchstabe\u00a0b) DSGVO \u2013 die Verarbeitung ist erforderlich, um einen Vertrag zu erf\u00fcllen, dessen Vertragspartei die betroffene Person ist, oder um auf Anfrage der betroffenen Person vor Vertragsabschluss Ma\u00dfnahmen zu ergreifen<\/li>\n<\/ol>\n<\/li>\n\n\n\n<li>Bearbeitungszeitraum:\n<ol class=\"wp-block-list\">\n<li>Bis zum Ablauf des Vertrags zwischen Ihnen und PKS Szczecin, mit dem Vorbehalt, dass diese Daten mitunter auch nach Ablauf dieses Vertrages verarbeitet werden k\u00f6nnen, jedoch nur, wenn dies nach geltendem Recht zul\u00e4ssig oder erforderlich ist, z. B. Verarbeitung f\u00fcr Archivierungs-, Abrechnungs- oder Verfolgungszwecke Anspr\u00fcche<\/li>\n<\/ol>\n<\/li>\n<\/ol>\n<\/li>\n<\/ol>\n\n\n\n<p>Die von Ihnen erhaltenen personenbezogenen Daten werden nicht an Dritte weitergegeben. Gem\u00e4\u00df geltendem Recht kann PKS Szczecin Ihre Daten jedoch auf der Grundlage von Vertr\u00e4gen an Unternehmen \u00fcbermitteln, die sie in unserem Auftrag verarbeiten, z. B. IT-Dienstleister, Wirtschaftspr\u00fcfer und Berater Betrauen Sie mit der Verarbeitung personenbezogener Daten Stellen, die auf der Grundlage des geltenden Rechts zur Erhebung von Daten befugt sind, z. B. Gerichte oder Strafverfolgungsbeh\u00f6rden (sofern sie einen Antrag auf Grundlage einer geeigneten Rechtsgrundlage stellen) und andere Stellen, wenn dies zur Erlangung ihrer Position erforderlich ist Zusammenhang mit Ihrer Korrespondenz.<\/p>\n\n\n\n<p>Auftragsverarbeiter m\u00fcssen sicherstellen, dass sie geeignete technische und organisatorische Ma\u00dfnahmen umgesetzt haben, damit die Datenverarbeitung den gesetzlichen Anforderungen entspricht und die Rechte der betroffenen Personen gewahrt bleiben.<\/p>\n\n\n\n<p>Kategorien von Empf\u00e4ngern Ihrer personenbezogenen Daten:<\/p>\n\n\n\n<ol class=\"wp-block-list\">\n<li>a. Unternehmen, die f\u00fcr den Betrieb und die Sicherheit der Website sorgen \u2013 PKS Szczecin nutzt die Dienste anderer Unternehmen, um die Sicherheit und Funktionalit\u00e4t der Website aufrechtzuerhalten.\u00a0Um diese Dienste bereitzustellen, verarbeiten sie die IP-Adressen der Besucher der Website;<\/li>\n\n\n\n<li>b. IT-Dienstleister \u2013 PKS Szczecin nutzt einen IT-Dienstleister, um Ihre personenbezogenen Daten so zu speichern, dass sie sicher, aktuell und vertraulich sind.<\/li>\n<\/ol>\n\n\n\n<h3 class=\"wp-block-heading\">Welche Rechte haben Sie im Zusammenhang mit der Verarbeitung personenbezogener Daten?<\/h3>\n\n\n\n<p>Sie haben das Recht, vom Verantwortlichen Auskunft \u00fcber Ihre personenbezogenen Daten, Berichtigung, L\u00f6schung oder Einschr\u00e4nkung der Verarbeitung zu verlangen oder deren Verarbeitung zu widersprechen, sowie das Recht auf Daten\u00fcbertragbarkeit, sofern diese gem\u00e4\u00df Art.&nbsp;20 DSGVO.<br>Um die Aus\u00fcbung der oben genannten Rechte zu erleichtern, wird empfohlen, sich schriftlich oder elektronisch an PKS Szczecin zu wenden, insbesondere durch Korrespondenz an rodo@pks.szczecin.pl.<br>Bei begr\u00fcndeten Zweifeln an Ihrer Identit\u00e4t bei der \u00dcbermittlung der oben genannten Daten&nbsp;Auf Anfrage beh\u00e4lt sich der Administrator das Recht vor, zus\u00e4tzliche Informationen anzufordern, die zur Best\u00e4tigung Ihrer Identit\u00e4t erforderlich sind.<br>Sofern Ihre Daten auf Grundlage einer Einwilligung verarbeitet werden, k\u00f6nnen Sie dar\u00fcber hinaus das Recht auf Widerruf der Einwilligung in dem Umfang aus\u00fcben, in dem die Verarbeitung auf dieser Grundlage erfolgt.&nbsp;Durch den Widerruf der Einwilligung wird die Rechtm\u00e4\u00dfigkeit der aufgrund der Einwilligung bis zum Widerruf erfolgten Verarbeitung nicht ber\u00fchrt.<br>Dar\u00fcber hinaus haben Sie im Zusammenhang mit der Verarbeitung Ihrer personenbezogenen Daten das Recht, bei der f\u00fcr Ihren Aufenthaltsort zust\u00e4ndigen Aufsichtsbeh\u00f6rde Beschwerde gegen einen Versto\u00df gegen die Bestimmungen zum Schutz personenbezogener Daten einzureichen.<br>Die Angabe Ihrer in diesen Informationen genannten personenbezogenen Daten ist freiwillig und steht im Zusammenhang mit der Korrespondenz mit PKS Szczecin.&nbsp;Die Nichtbereitstellung der f\u00fcr die Korrespondenz erforderlichen Daten kann dazu f\u00fchren, dass PKS Szczecin Ihre Anfragen, z. B. die Bearbeitung von Beschwerden, nicht bearbeiten kann.<br>Wenn Sie PKS Szczecin personenbezogene Daten anderer Personen zur Verf\u00fcgung stellen, bittet PKS Szczecin Sie, diese Personen dar\u00fcber zu informieren:<\/p>\n\n\n\n<ul class=\"wp-block-list\">\n<li>\u00fcber die Tatsache und den Umfang der \u00dcbermittlung personenbezogener Daten dieser Personen an PKS Szczecin;<\/li>\n\n\n\n<li>dass PKS Szczecin der Administrator ihrer personenbezogenen Daten ist und ihre personenbezogenen Daten gem\u00e4\u00df den oben genannten Bedingungen verarbeitet;<\/li>\n\n\n\n<li>dass Sie die Quelle sind, aus der PKS Szczecin ihre Daten bezieht.<\/li>\n<\/ul>\n\n\n\n<p>Wenn Sie das sogenannte versenden&nbsp;Personenbezogene Daten besonderer Kategorie, die Ihnen oder einer anderen Person geh\u00f6ren, z. B. Daten \u00fcber Ihren Gesundheitszustand, ist in der Regel erforderlich, der Verarbeitung der bereitgestellten personenbezogenen Daten \u00fcber den Gesundheitszustand\/Gesundheitszustand der betreuten Person durch PKS Szczecin zuzustimmen Pr\u00fcfung und Beantwortung gesendeter Korrespondenz.<br>Sofern Sie mit der Verarbeitung der oben genannten von Ihnen \u00fcbermittelten Daten nicht einverstanden sind,&nbsp;Personenbezogene Daten besonderer Kategorien werden von PKS Szczecin gel\u00f6scht und bei der Durchf\u00fchrung des betreffenden Verfahrens nicht ber\u00fccksichtigt.<\/p>\n","protected":false},"excerpt":{"rendered":"<p>Aufgrund des Inkrafttretens der Verordnung (EU) 2016\/679 des Europ\u00e4ischen Parlaments und des Rates vom 27. April 2016 zum Schutz nat\u00fcrlicher [&hellip;]<\/p>\n","protected":false},"author":5,"featured_media":0,"parent":0,"menu_order":0,"comment_status":"closed","ping_status":"open","template":"","meta":{"_acf_changed":false,"footnotes":""},"class_list":["post-3305","page","type-page","status-publish","hentry"],"acf":[],"_links":{"self":[{"href":"https:\/\/pks.szczecin.pl\/de\/wp-json\/wp\/v2\/pages\/3305","targetHints":{"allow":["GET"]}}],"collection":[{"href":"https:\/\/pks.szczecin.pl\/de\/wp-json\/wp\/v2\/pages"}],"about":[{"href":"https:\/\/pks.szczecin.pl\/de\/wp-json\/wp\/v2\/types\/page"}],"author":[{"embeddable":true,"href":"https:\/\/pks.szczecin.pl\/de\/wp-json\/wp\/v2\/users\/5"}],"replies":[{"embeddable":true,"href":"https:\/\/pks.szczecin.pl\/de\/wp-json\/wp\/v2\/comments?post=3305"}],"version-history":[{"count":2,"href":"https:\/\/pks.szczecin.pl\/de\/wp-json\/wp\/v2\/pages\/3305\/revisions"}],"predecessor-version":[{"id":3789,"href":"https:\/\/pks.szczecin.pl\/de\/wp-json\/wp\/v2\/pages\/3305\/revisions\/3789"}],"wp:attachment":[{"href":"https:\/\/pks.szczecin.pl\/de\/wp-json\/wp\/v2\/media?parent=3305"}],"curies":[{"name":"wp","href":"https:\/\/api.w.org\/{rel}","templated":true}]}}